{"id":8,"date":"2026-04-04T18:49:30","date_gmt":"2026-04-04T21:49:30","guid":{"rendered":"https:\/\/vendas.bellanetfiber.com.br\/limpeza\/minha-conta\/"},"modified":"2026-04-14T13:31:09","modified_gmt":"2026-04-14T16:31:09","slug":"minha-conta","status":"publish","type":"page","link":"https:\/\/vendas.bellanetfiber.com.br\/limpeza\/minha-conta\/","title":{"rendered":"Minha conta"},"content":{"rendered":"\t\t<div data-elementor-type=\"wp-page\" data-elementor-id=\"8\" class=\"elementor elementor-8\">\n\t\t\t\t<div class=\"elementor-element elementor-element-d77e14c e-flex e-con-boxed e-con e-parent\" data-id=\"d77e14c\" data-element_type=\"container\" data-e-type=\"container\">\n\t\t\t\t\t<div class=\"e-con-inner\">\n\t\t\t\t<div class=\"elementor-element elementor-element-04b13b8 elementor-align-right elementor-widget elementor-widget-button\" data-id=\"04b13b8\" data-element_type=\"widget\" data-e-type=\"widget\" data-widget_type=\"button.default\">\n\t\t\t\t\t\t\t\t\t\t<a class=\"elementor-button elementor-button-link elementor-size-sm\" href=\"https:\/\/vendas.bellanetfiber.com.br\/acessar-conta\/\">\n\t\t\t\t\t\t<span class=\"elementor-button-content-wrapper\">\n\t\t\t\t\t\t\t\t\t<span class=\"elementor-button-text\">IVICIO<\/span>\n\t\t\t\t\t<\/span>\n\t\t\t\t\t<\/a>\n\t\t\t\t\t\t\t\t<\/div>\n\t\t\t\t<div class=\"elementor-element elementor-element-e490632 elementor-widget elementor-widget-shortcode\" data-id=\"e490632\" data-element_type=\"widget\" data-e-type=\"widget\" data-widget_type=\"shortcode.default\">\n\t\t\t\t\t\t\t<div class=\"elementor-shortcode\">Acesso negado. Fa\u00e7a login.<\/div>\n\t\t\t\t\t\t<\/div>\n\t\t\t\t<div class=\"elementor-element elementor-element-71a324c elementor-widget elementor-widget-html\" data-id=\"71a324c\" data-element_type=\"widget\" data-e-type=\"widget\" data-widget_type=\"html.default\">\n\t\t\t\t\t\n<div class=\"scrolling-wrapper\">\n    <div class=\"category-scroll\">\n        \n        <a href=\"#url-restaurantes\" class=\"cat-card\">\n            <div class=\"cat-icon-box\">\n                <img decoding=\"async\" src=\"https:\/\/cdn-icons-png.flaticon.com\/512\/3075\/3075977.png\" alt=\"Restaurantes\">\n            <\/div>\n            <span class=\"cat-label\">Restaurantes<\/span>\n        <\/a>\n\n        <a href=\"#url-pizzarias\" class=\"cat-card\">\n            <div class=\"cat-icon-box\">\n                <img decoding=\"async\" src=\"https:\/\/cdn-icons-png.flaticon.com\/512\/3595\/3595455.png\" alt=\"Pizzarias\">\n            <\/div>\n            <span class=\"cat-label\">Pizzarias<\/span>\n        <\/a>\n\n        <a href=\"#url-mercado\" class=\"cat-card\">\n            <div class=\"cat-icon-box\">\n                <img decoding=\"async\" src=\"https:\/\/cdn-icons-png.flaticon.com\/512\/3081\/3081840.png\" alt=\"Mercado\">\n            <\/div>\n            <span class=\"cat-label\">Mercado<\/span>\n        <\/a>\n\n        <a href=\"#url-acougue\" class=\"cat-card\">\n            <div class=\"cat-icon-box\">\n                <img decoding=\"async\" src=\"https:\/\/cdn-icons-png.flaticon.com\/512\/1046\/1046769.png\" alt=\"A\u00e7ougue\">\n            <\/div>\n            <span class=\"cat-label\">A\u00e7ougue<\/span>\n        <\/a>\n\n        <a href=\"#url-construcao-1\" class=\"cat-card\">\n            <div class=\"cat-icon-box\">\n                <img decoding=\"async\" src=\"https:\/\/cdn-icons-png.flaticon.com\/512\/4230\/4230623.png\" alt=\"Constru\u00e7\u00e3o Bruta\">\n            <\/div>\n            <span class=\"cat-label\">Constru\u00e7\u00e3o<\/span>\n        <\/a>\n\n        <a href=\"#url-construcao-2\" class=\"cat-card\">\n            <div class=\"cat-icon-box\">\n                <img decoding=\"async\" src=\"https:\/\/cdn-icons-png.flaticon.com\/512\/2321\/2321390.png\" alt=\"Ferramentas\">\n            <\/div>\n            <span class=\"cat-label\">Reparos<\/span>\n        <\/a>\n\n        <a href=\"#url-vestiario\" class=\"cat-card\">\n            <div class=\"cat-icon-box\">\n                <img decoding=\"async\" src=\"https:\/\/cdn-icons-png.flaticon.com\/512\/3159\/3159614.png\" alt=\"Vesti\u00e1rio\">\n            <\/div>\n            <span class=\"cat-label\">Vesti\u00e1rio<\/span>\n        <\/a>\n\n        <a href=\"https:\/\/vendas.bellanetfiber.com.br\/limpeza\/minha-conta\/\" class=\"cat-card\">\n            <div class=\"cat-icon-box\">\n                <img decoding=\"async\" src=\"https:\/\/cdn-icons-png.flaticon.com\/512\/2954\/2954893.png\" alt=\"Limpeza\">\n            <\/div>\n            <span class=\"cat-label\">Limpeza<\/span>\n        <\/a>\n\n        <a href=\"#url-descartaveis\" class=\"cat-card\">\n            <div class=\"cat-icon-box\">\n                <img decoding=\"async\" src=\"https:\/\/cdn-icons-png.flaticon.com\/512\/3050\/3050181.png\" alt=\"Descart\u00e1veis\">\n            <\/div>\n            <span class=\"cat-label\">Descart\u00e1veis<\/span>\n        <\/a>\n\n        <a href=\"#url-farmacia\" class=\"cat-card\">\n            <div class=\"cat-icon-box\">\n                <img decoding=\"async\" src=\"https:\/\/cdn-icons-png.flaticon.com\/512\/4320\/4320337.png\" alt=\"Farm\u00e1cia\">\n            <\/div>\n            <span class=\"cat-label\">Farm\u00e1cia<\/span>\n        <\/a>\n\n        <a href=\"#url-informatica\" class=\"cat-card\">\n            <div class=\"cat-icon-box\">\n                <img decoding=\"async\" src=\"https:\/\/cdn-icons-png.flaticon.com\/512\/2888\/2888608.png\" alt=\"Inform\u00e1tica\">\n            <\/div>\n            <span class=\"cat-label\">Inform\u00e1tica<\/span>\n        <\/a>\n\n        <a href=\"#url-papelaria\" class=\"cat-card\">\n            <div class=\"cat-icon-box\">\n                <img decoding=\"async\" src=\"https:\/\/cdn-icons-png.flaticon.com\/512\/2541\/2541991.png\" alt=\"Papelaria\">\n            <\/div>\n            <span class=\"cat-label\">Papelaria<\/span>\n        <\/a>\n\n        <a href=\"#url-petshop\" class=\"cat-card\">\n            <div class=\"cat-icon-box\">\n                <img decoding=\"async\" src=\"https:\/\/cdn-icons-png.flaticon.com\/512\/2809\/2809802.png\" alt=\"Pet Shop\">\n            <\/div>\n            <span class=\"cat-label\">Pet Shop<\/span>\n        <\/a>\n\n        <a href=\"#url-bebidas\" class=\"cat-card\">\n            <div class=\"cat-icon-box\">\n                <img decoding=\"async\" src=\"https:\/\/cdn-icons-png.flaticon.com\/512\/920\/920605.png\" alt=\"Bebidas\">\n            <\/div>\n            <span class=\"cat-label\">Bebidas<\/span>\n        <\/a>\n\n        <a href=\"#url-servicos\" class=\"cat-card\">\n            <div class=\"cat-icon-box\">\n                <img decoding=\"async\" src=\"https:\/\/cdn-icons-png.flaticon.com\/512\/2099\/2099058.png\" alt=\"Servi\u00e7os\">\n            <\/div>\n            <span class=\"cat-label\">Servi\u00e7os<\/span>\n        <\/a>\n\n    <\/div>\n<\/div>\n\n<style>\n\/* Estilo Base *\/\n.scrolling-wrapper {\n    width: 100%;\n    background-color: #ffffff;\n    padding: 15px 0;\n    border-bottom: 1px solid #f2f2f2;\n}\n\n.category-scroll {\n    display: flex;\n    overflow-x: auto;\n    gap: 15px;\n    padding: 0 15px 12px 15px;\n    scroll-behavior: smooth;\n    -webkit-overflow-scrolling: touch;\n}\n\n\/* Barra de Rodagem Discreta *\/\n.category-scroll::-webkit-scrollbar {\n    height: 4px;\n}\n.category-scroll::-webkit-scrollbar-track {\n    background: transparent;\n}\n.category-scroll::-webkit-scrollbar-thumb {\n    background: #e0e0e0;\n    border-radius: 10px;\n}\n\n\/* Card Individual *\/\n.cat-card {\n    flex: 0 0 auto;\n    display: flex;\n    flex-direction: column;\n    align-items: center;\n    text-decoration: none;\n    width: 80px; \n    transition: all 0.2s ease;\n}\n\n\/* Box do \u00cdcone (Glassmorphism leve) *\/\n.cat-icon-box {\n    width: 60px;\n    height: 60px;\n    background: rgba(240, 242, 245, 0.9);\n    border-radius: 18px;\n    display: flex;\n    align-items: center;\n    justify-content: center;\n    margin-bottom: 8px;\n    border: 1px solid rgba(0, 0, 0, 0.05);\n    box-shadow: 0 2px 8px rgba(0,0,0,0.04);\n}\n\n.cat-icon-box img {\n    width: 32px;\n    height: 32px;\n    object-fit: contain;\n}\n\n\/* Nome da Categoria *\/\n.cat-label {\n    font-size: 11px;\n    color: #444;\n    font-weight: 600;\n    text-align: center;\n    font-family: 'Segoe UI', Roboto, Helvetica, Arial, sans-serif;\n    white-space: nowrap;\n}\n\n\/* Efeito Mobile de Toque *\/\n.cat-card:active {\n    transform: scale(0.92);\n}\n\n\/* Ajustes Desktop \/ Verde WhatsApp *\/\n@media (min-width: 1024px) {\n    .cat-card:hover .cat-icon-box {\n        background: #00a884; \n        border-color: #00a884;\n    }\n    .cat-card:hover .cat-label {\n        color: #00a884;\n    }\n    .cat-card:hover .cat-icon-box img {\n        filter: brightness(0) invert(1);\n    }\n}\n<\/style>\t\t\t\t<\/div>\n\t\t\t\t\t<\/div>\n\t\t\t\t<\/div>\n\t\t\t\t<\/div>\n\t\t","protected":false},"excerpt":{"rendered":"<p>IVICIO Restaurantes Pizzarias Mercado A\u00e7ougue Constru\u00e7\u00e3o Reparos Vesti\u00e1rio Limpeza Descart\u00e1veis Farm\u00e1cia Inform\u00e1tica Papelaria Pet Shop Bebidas Servi\u00e7os<\/p>\n","protected":false},"author":1,"featured_media":0,"parent":0,"menu_order":0,"comment_status":"closed","ping_status":"closed","template":"elementor_canvas","meta":{"footnotes":""},"class_list":["post-8","page","type-page","status-publish","hentry","content-box content-box-wrapper"],"_links":{"self":[{"href":"https:\/\/vendas.bellanetfiber.com.br\/limpeza\/wp-json\/wp\/v2\/pages\/8","targetHints":{"allow":["GET"]}}],"collection":[{"href":"https:\/\/vendas.bellanetfiber.com.br\/limpeza\/wp-json\/wp\/v2\/pages"}],"about":[{"href":"https:\/\/vendas.bellanetfiber.com.br\/limpeza\/wp-json\/wp\/v2\/types\/page"}],"author":[{"embeddable":true,"href":"https:\/\/vendas.bellanetfiber.com.br\/limpeza\/wp-json\/wp\/v2\/users\/1"}],"replies":[{"embeddable":true,"href":"https:\/\/vendas.bellanetfiber.com.br\/limpeza\/wp-json\/wp\/v2\/comments?post=8"}],"version-history":[{"count":66,"href":"https:\/\/vendas.bellanetfiber.com.br\/limpeza\/wp-json\/wp\/v2\/pages\/8\/revisions"}],"predecessor-version":[{"id":220,"href":"https:\/\/vendas.bellanetfiber.com.br\/limpeza\/wp-json\/wp\/v2\/pages\/8\/revisions\/220"}],"wp:attachment":[{"href":"https:\/\/vendas.bellanetfiber.com.br\/limpeza\/wp-json\/wp\/v2\/media?parent=8"}],"curies":[{"name":"wp","href":"https:\/\/api.w.org\/{rel}","templated":true}]}}